{"id":32,"date":"2026-03-11T15:46:42","date_gmt":"2026-03-11T14:46:42","guid":{"rendered":"https:\/\/serwer384477.lh.pl\/autoinstalator\/serwer384477.lh.pl\/wordpress154422\/?page_id=32"},"modified":"2026-03-17T20:49:29","modified_gmt":"2026-03-17T19:49:29","slug":"strona-glowna-2","status":"publish","type":"page","link":"https:\/\/grzesznanoc.pl\/","title":{"rendered":"Strona g\u0142\u00f3wna"},"content":{"rendered":"\t\t<div data-elementor-type=\"wp-page\" data-elementor-id=\"32\" class=\"elementor elementor-32\" data-elementor-post-type=\"page\">\n\t\t\t\t<div class=\"elementor-element elementor-element-25476e3e elementor-hidden-tablet elementor-hidden-mobile e-flex e-con-boxed e-con e-parent\" data-id=\"25476e3e\" data-element_type=\"container\" data-e-type=\"container\" data-settings=\"{&quot;background_background&quot;:&quot;video&quot;,&quot;background_video_link&quot;:&quot;https:\\\/\\\/videos.pexels.com\\\/video-files\\\/6568263\\\/6568263-uhd_2732_1440_25fps.mp4&quot;}\">\n\t\t\t\t\t<div class=\"e-con-inner\">\n\t\t<div class=\"elementor-background-video-container elementor-hidden-mobile\">\n\t\t\t\t\t\t\t<video class=\"elementor-background-video-hosted\" role=\"presentation\" autoplay muted playsinline loop><\/video>\n\t\t\t\t\t<\/div>\t\t<div class=\"elementor-element elementor-element-7c5f2591 elementor-widget elementor-widget-image\" data-id=\"7c5f2591\" data-element_type=\"widget\" data-e-type=\"widget\" data-widget_type=\"image.default\">\n\t\t\t\t\t\t\t\t\t\t\t\t<figure class=\"wp-caption\">\n\t\t\t\t\t\t\t\t\t\t\t<a href=\"https:\/\/safeoffers.pro\/a\/Kr00s4DngIAgN9\">\n\t\t\t\t\t\t\t<img fetchpriority=\"high\" decoding=\"async\" width=\"822\" height=\"1024\" src=\"https:\/\/grzesznanoc.pl\/wp-content\/uploads\/2026\/03\/WhatsApp-Image-2026-03-10-at-15.33.48-822x1024.jpeg\" class=\"attachment-large size-large wp-image-18\" alt=\"\" srcset=\"https:\/\/grzesznanoc.pl\/wp-content\/uploads\/2026\/03\/WhatsApp-Image-2026-03-10-at-15.33.48-822x1024.jpeg 822w, https:\/\/grzesznanoc.pl\/wp-content\/uploads\/2026\/03\/WhatsApp-Image-2026-03-10-at-15.33.48-241x300.jpeg 241w, https:\/\/grzesznanoc.pl\/wp-content\/uploads\/2026\/03\/WhatsApp-Image-2026-03-10-at-15.33.48-768x957.jpeg 768w, https:\/\/grzesznanoc.pl\/wp-content\/uploads\/2026\/03\/WhatsApp-Image-2026-03-10-at-15.33.48.jpeg 1080w\" sizes=\"(max-width: 822px) 100vw, 822px\" \/>\t\t\t\t\t\t\t\t<\/a>\n\t\t\t\t\t\t\t\t\t\t\t<figcaption class=\"widget-image-caption wp-caption-text\">Ja\u015bmina 2 km od Ciebie <\/figcaption>\n\t\t\t\t\t\t\t\t\t\t<\/figure>\n\t\t\t\t\t\t\t\t\t<\/div>\n\t\t\t\t<div class=\"elementor-element elementor-element-72e01042 elementor-widget elementor-widget-heading\" data-id=\"72e01042\" data-element_type=\"widget\" data-e-type=\"widget\" data-widget_type=\"heading.default\">\n\t\t\t\t\t<h2 class=\"elementor-heading-title elementor-size-default\">Przejd\u017a do poni\u017cszych profili i wybierz kobiet\u0119 do kontaktu<\/h2>\t\t\t\t<\/div>\n\t\t<div class=\"elementor-element elementor-element-3d77c28a e-grid e-con-full e-con e-child\" data-id=\"3d77c28a\" data-element_type=\"container\" data-e-type=\"container\">\n\t\t\t\t<div class=\"elementor-element elementor-element-7782120b elementor-widget elementor-widget-image\" data-id=\"7782120b\" data-element_type=\"widget\" data-e-type=\"widget\" data-widget_type=\"image.default\">\n\t\t\t\t\t\t\t\t\t\t\t\t<figure class=\"wp-caption\">\n\t\t\t\t\t\t\t\t\t\t\t<a href=\"https:\/\/safeoffers.pro\/a\/Kr00s4DngIAgN9\">\n\t\t\t\t\t\t\t<img decoding=\"async\" width=\"300\" height=\"300\" src=\"https:\/\/grzesznanoc.pl\/wp-content\/uploads\/2026\/03\/Weraa-300x300.jpeg\" class=\"attachment-medium size-medium wp-image-122\" alt=\"\" srcset=\"https:\/\/grzesznanoc.pl\/wp-content\/uploads\/2026\/03\/Weraa-300x300.jpeg 300w, https:\/\/grzesznanoc.pl\/wp-content\/uploads\/2026\/03\/Weraa-1024x1024.jpeg 1024w, https:\/\/grzesznanoc.pl\/wp-content\/uploads\/2026\/03\/Weraa-150x150.jpeg 150w, https:\/\/grzesznanoc.pl\/wp-content\/uploads\/2026\/03\/Weraa-768x768.jpeg 768w, https:\/\/grzesznanoc.pl\/wp-content\/uploads\/2026\/03\/Weraa.jpeg 1346w\" sizes=\"(max-width: 300px) 100vw, 300px\" \/>\t\t\t\t\t\t\t\t<\/a>\n\t\t\t\t\t\t\t\t\t\t\t<figcaption class=\"widget-image-caption wp-caption-text\">Weronika - 5 km od Ciebie<\/figcaption>\n\t\t\t\t\t\t\t\t\t\t<\/figure>\n\t\t\t\t\t\t\t\t\t<\/div>\n\t\t\t\t<div class=\"elementor-element elementor-element-650101d5 elementor-widget elementor-widget-image\" data-id=\"650101d5\" data-element_type=\"widget\" data-e-type=\"widget\" data-widget_type=\"image.default\">\n\t\t\t\t\t\t\t\t\t\t\t\t<figure class=\"wp-caption\">\n\t\t\t\t\t\t\t\t\t\t\t<a href=\"https:\/\/safeoffers.pro\/a\/Kr00s4DngIAgN9\">\n\t\t\t\t\t\t\t<img decoding=\"async\" width=\"240\" height=\"300\" src=\"https:\/\/grzesznanoc.pl\/wp-content\/uploads\/2026\/03\/Marlena-240x300.jpeg\" class=\"attachment-medium size-medium wp-image-117\" alt=\"\" srcset=\"https:\/\/grzesznanoc.pl\/wp-content\/uploads\/2026\/03\/Marlena-240x300.jpeg 240w, https:\/\/grzesznanoc.pl\/wp-content\/uploads\/2026\/03\/Marlena-819x1024.jpeg 819w, https:\/\/grzesznanoc.pl\/wp-content\/uploads\/2026\/03\/Marlena-768x960.jpeg 768w, https:\/\/grzesznanoc.pl\/wp-content\/uploads\/2026\/03\/Marlena-1229x1536.jpeg 1229w, https:\/\/grzesznanoc.pl\/wp-content\/uploads\/2026\/03\/Marlena.jpeg 1440w\" sizes=\"(max-width: 240px) 100vw, 240px\" \/>\t\t\t\t\t\t\t\t<\/a>\n\t\t\t\t\t\t\t\t\t\t\t<figcaption class=\"widget-image-caption wp-caption-text\">Marlena - 4 km od Ciebie<\/figcaption>\n\t\t\t\t\t\t\t\t\t\t<\/figure>\n\t\t\t\t\t\t\t\t\t<\/div>\n\t\t\t\t<div class=\"elementor-element elementor-element-1310f15a elementor-widget elementor-widget-image\" data-id=\"1310f15a\" data-element_type=\"widget\" data-e-type=\"widget\" data-widget_type=\"image.default\">\n\t\t\t\t\t\t\t\t\t\t\t\t<figure class=\"wp-caption\">\n\t\t\t\t\t\t\t\t\t\t\t<a href=\"https:\/\/safeoffers.pro\/a\/Kr00s4DngIAgN9\">\n\t\t\t\t\t\t\t<img loading=\"lazy\" decoding=\"async\" width=\"240\" height=\"300\" src=\"https:\/\/grzesznanoc.pl\/wp-content\/uploads\/2026\/03\/WhatsApp-Image-2026-03-10-at-15.05.59-240x300.jpeg\" class=\"attachment-medium size-medium wp-image-35\" alt=\"\" srcset=\"https:\/\/grzesznanoc.pl\/wp-content\/uploads\/2026\/03\/WhatsApp-Image-2026-03-10-at-15.05.59-240x300.jpeg 240w, https:\/\/grzesznanoc.pl\/wp-content\/uploads\/2026\/03\/WhatsApp-Image-2026-03-10-at-15.05.59-819x1024.jpeg 819w, https:\/\/grzesznanoc.pl\/wp-content\/uploads\/2026\/03\/WhatsApp-Image-2026-03-10-at-15.05.59-768x960.jpeg 768w, https:\/\/grzesznanoc.pl\/wp-content\/uploads\/2026\/03\/WhatsApp-Image-2026-03-10-at-15.05.59.jpeg 1080w\" sizes=\"(max-width: 240px) 100vw, 240px\" \/>\t\t\t\t\t\t\t\t<\/a>\n\t\t\t\t\t\t\t\t\t\t\t<figcaption class=\"widget-image-caption wp-caption-text\">Alicja - 10 km od Ciebie<\/figcaption>\n\t\t\t\t\t\t\t\t\t\t<\/figure>\n\t\t\t\t\t\t\t\t\t<\/div>\n\t\t\t\t<\/div>\n\t\t\t\t<div class=\"elementor-element elementor-element-431c3ef9 elementor-widget elementor-widget-text-editor\" data-id=\"431c3ef9\" data-element_type=\"widget\" data-e-type=\"widget\" data-widget_type=\"text-editor.default\">\n\t\t\t\t\t\t\t\t\t<p>Kliknij w wybrany profil by um\u00f3wi\u0107 si\u0119 na spotkanie. <br \/>Pami\u0119taj by podczas rozmowy wyja\u015bni\u0107 czego oczekujesz i jakie masz preferencj\u0119. U\u0142atwi i przy\u015bpieszy to spotkanie.<\/p>\t\t\t\t\t\t\t\t<\/div>\n\t\t\t\t<div class=\"elementor-element elementor-element-ccd093b elementor-align-center elementor-widget elementor-widget-button\" data-id=\"ccd093b\" data-element_type=\"widget\" data-e-type=\"widget\" data-widget_type=\"button.default\">\n\t\t\t\t\t\t\t\t\t\t<a class=\"elementor-button elementor-button-link elementor-size-sm\" href=\"#\">\n\t\t\t\t\t\t<span class=\"elementor-button-content-wrapper\">\n\t\t\t\t\t\t\t\t\t<span class=\"elementor-button-text\">Um\u00f3w si\u0119 <\/span>\n\t\t\t\t\t<\/span>\n\t\t\t\t\t<\/a>\n\t\t\t\t\t\t\t\t<\/div>\n\t\t\t\t\t<\/div>\n\t\t\t\t<\/div>\n\t\t<div class=\"elementor-element elementor-element-17f517e e-con-full e-flex e-con e-parent\" data-id=\"17f517e\" data-element_type=\"container\" data-e-type=\"container\">\n\t\t\t\t<\/div>\n\t\t<div class=\"elementor-element elementor-element-6dbe168b elementor-hidden-desktop e-flex e-con-boxed e-con e-parent\" data-id=\"6dbe168b\" data-element_type=\"container\" data-e-type=\"container\" data-settings=\"{&quot;background_background&quot;:&quot;classic&quot;}\">\n\t\t\t\t\t<div class=\"e-con-inner\">\n\t\t\t\t<div class=\"elementor-element elementor-element-ee55bc7 elementor-widget elementor-widget-spacer\" data-id=\"ee55bc7\" data-element_type=\"widget\" data-e-type=\"widget\" data-widget_type=\"spacer.default\">\n\t\t\t\t\t\t\t<div class=\"elementor-spacer\">\n\t\t\t<div class=\"elementor-spacer-inner\"><\/div>\n\t\t<\/div>\n\t\t\t\t\t\t<\/div>\n\t\t\t\t<div class=\"elementor-element elementor-element-5714633a elementor-widget elementor-widget-image\" data-id=\"5714633a\" data-element_type=\"widget\" data-e-type=\"widget\" data-widget_type=\"image.default\">\n\t\t\t\t\t\t\t\t\t\t\t\t<figure class=\"wp-caption\">\n\t\t\t\t\t\t\t\t\t\t\t<a href=\"https:\/\/safeoffers.pro\/a\/Kr00s4DngIAgN9\">\n\t\t\t\t\t\t\t<img loading=\"lazy\" decoding=\"async\" width=\"768\" height=\"957\" src=\"https:\/\/grzesznanoc.pl\/wp-content\/uploads\/2026\/03\/WhatsApp-Image-2026-03-10-at-15.33.48-768x957.jpeg\" class=\"attachment-medium_large size-medium_large wp-image-18\" alt=\"\" srcset=\"https:\/\/grzesznanoc.pl\/wp-content\/uploads\/2026\/03\/WhatsApp-Image-2026-03-10-at-15.33.48-768x957.jpeg 768w, https:\/\/grzesznanoc.pl\/wp-content\/uploads\/2026\/03\/WhatsApp-Image-2026-03-10-at-15.33.48-241x300.jpeg 241w, https:\/\/grzesznanoc.pl\/wp-content\/uploads\/2026\/03\/WhatsApp-Image-2026-03-10-at-15.33.48-822x1024.jpeg 822w, https:\/\/grzesznanoc.pl\/wp-content\/uploads\/2026\/03\/WhatsApp-Image-2026-03-10-at-15.33.48.jpeg 1080w\" sizes=\"(max-width: 768px) 100vw, 768px\" \/>\t\t\t\t\t\t\t\t<\/a>\n\t\t\t\t\t\t\t\t\t\t\t<figcaption class=\"widget-image-caption wp-caption-text\">Ja\u015bmina 2km od Ciebie <\/figcaption>\n\t\t\t\t\t\t\t\t\t\t<\/figure>\n\t\t\t\t\t\t\t\t\t<\/div>\n\t\t\t\t<div class=\"elementor-element elementor-element-75fde311 elementor-widget elementor-widget-spacer\" data-id=\"75fde311\" data-element_type=\"widget\" data-e-type=\"widget\" data-widget_type=\"spacer.default\">\n\t\t\t\t\t\t\t<div class=\"elementor-spacer\">\n\t\t\t<div class=\"elementor-spacer-inner\"><\/div>\n\t\t<\/div>\n\t\t\t\t\t\t<\/div>\n\t\t\t\t<div class=\"elementor-element elementor-element-217d578d elementor-widget elementor-widget-heading\" data-id=\"217d578d\" data-element_type=\"widget\" data-e-type=\"widget\" data-widget_type=\"heading.default\">\n\t\t\t\t\t<h2 class=\"elementor-heading-title elementor-size-default\">Przejd\u017a do poni\u017cszych profili i wybierz kobiet\u0119 do kontaktu<\/h2>\t\t\t\t<\/div>\n\t\t<div class=\"elementor-element elementor-element-4cbfe3d1 e-grid e-con-full e-con e-child\" data-id=\"4cbfe3d1\" data-element_type=\"container\" data-e-type=\"container\">\n\t\t\t\t<div class=\"elementor-element elementor-element-5c5bdb79 elementor-widget elementor-widget-image\" data-id=\"5c5bdb79\" data-element_type=\"widget\" data-e-type=\"widget\" data-widget_type=\"image.default\">\n\t\t\t\t\t\t\t\t\t\t\t\t<figure class=\"wp-caption\">\n\t\t\t\t\t\t\t\t\t\t\t<a href=\"https:\/\/safeoffers.pro\/a\/Kr00s4DngIAgN9\">\n\t\t\t\t\t\t\t<img decoding=\"async\" width=\"300\" height=\"300\" src=\"https:\/\/grzesznanoc.pl\/wp-content\/uploads\/2026\/03\/Weraa-300x300.jpeg\" class=\"attachment-medium size-medium wp-image-122\" alt=\"\" srcset=\"https:\/\/grzesznanoc.pl\/wp-content\/uploads\/2026\/03\/Weraa-300x300.jpeg 300w, https:\/\/grzesznanoc.pl\/wp-content\/uploads\/2026\/03\/Weraa-1024x1024.jpeg 1024w, https:\/\/grzesznanoc.pl\/wp-content\/uploads\/2026\/03\/Weraa-150x150.jpeg 150w, https:\/\/grzesznanoc.pl\/wp-content\/uploads\/2026\/03\/Weraa-768x768.jpeg 768w, https:\/\/grzesznanoc.pl\/wp-content\/uploads\/2026\/03\/Weraa.jpeg 1346w\" sizes=\"(max-width: 300px) 100vw, 300px\" \/>\t\t\t\t\t\t\t\t<\/a>\n\t\t\t\t\t\t\t\t\t\t\t<figcaption class=\"widget-image-caption wp-caption-text\">Weronika - 5 km od Ciebie<\/figcaption>\n\t\t\t\t\t\t\t\t\t\t<\/figure>\n\t\t\t\t\t\t\t\t\t<\/div>\n\t\t\t\t<div class=\"elementor-element elementor-element-7f1af56b elementor-widget elementor-widget-image\" data-id=\"7f1af56b\" data-element_type=\"widget\" data-e-type=\"widget\" data-widget_type=\"image.default\">\n\t\t\t\t\t\t\t\t\t\t\t\t<figure class=\"wp-caption\">\n\t\t\t\t\t\t\t\t\t\t\t<a href=\"https:\/\/safeoffers.pro\/a\/Kr00s4DngIAgN9\">\n\t\t\t\t\t\t\t<img decoding=\"async\" width=\"240\" height=\"300\" src=\"https:\/\/grzesznanoc.pl\/wp-content\/uploads\/2026\/03\/Marlena-240x300.jpeg\" class=\"attachment-medium size-medium wp-image-117\" alt=\"\" srcset=\"https:\/\/grzesznanoc.pl\/wp-content\/uploads\/2026\/03\/Marlena-240x300.jpeg 240w, https:\/\/grzesznanoc.pl\/wp-content\/uploads\/2026\/03\/Marlena-819x1024.jpeg 819w, https:\/\/grzesznanoc.pl\/wp-content\/uploads\/2026\/03\/Marlena-768x960.jpeg 768w, https:\/\/grzesznanoc.pl\/wp-content\/uploads\/2026\/03\/Marlena-1229x1536.jpeg 1229w, https:\/\/grzesznanoc.pl\/wp-content\/uploads\/2026\/03\/Marlena.jpeg 1440w\" sizes=\"(max-width: 240px) 100vw, 240px\" \/>\t\t\t\t\t\t\t\t<\/a>\n\t\t\t\t\t\t\t\t\t\t\t<figcaption class=\"widget-image-caption wp-caption-text\">Marlena - 4 km od Ciebie<\/figcaption>\n\t\t\t\t\t\t\t\t\t\t<\/figure>\n\t\t\t\t\t\t\t\t\t<\/div>\n\t\t\t\t<div class=\"elementor-element elementor-element-521d47c8 elementor-widget elementor-widget-image\" data-id=\"521d47c8\" data-element_type=\"widget\" data-e-type=\"widget\" data-widget_type=\"image.default\">\n\t\t\t\t\t\t\t\t\t\t\t\t<figure class=\"wp-caption\">\n\t\t\t\t\t\t\t\t\t\t\t<a href=\"https:\/\/safeoffers.pro\/a\/Kr00s4DngIAgN9\">\n\t\t\t\t\t\t\t<img loading=\"lazy\" decoding=\"async\" width=\"240\" height=\"300\" src=\"https:\/\/grzesznanoc.pl\/wp-content\/uploads\/2026\/03\/WhatsApp-Image-2026-03-10-at-15.05.59-240x300.jpeg\" class=\"attachment-medium size-medium wp-image-35\" alt=\"\" srcset=\"https:\/\/grzesznanoc.pl\/wp-content\/uploads\/2026\/03\/WhatsApp-Image-2026-03-10-at-15.05.59-240x300.jpeg 240w, https:\/\/grzesznanoc.pl\/wp-content\/uploads\/2026\/03\/WhatsApp-Image-2026-03-10-at-15.05.59-819x1024.jpeg 819w, https:\/\/grzesznanoc.pl\/wp-content\/uploads\/2026\/03\/WhatsApp-Image-2026-03-10-at-15.05.59-768x960.jpeg 768w, https:\/\/grzesznanoc.pl\/wp-content\/uploads\/2026\/03\/WhatsApp-Image-2026-03-10-at-15.05.59.jpeg 1080w\" sizes=\"(max-width: 240px) 100vw, 240px\" \/>\t\t\t\t\t\t\t\t<\/a>\n\t\t\t\t\t\t\t\t\t\t\t<figcaption class=\"widget-image-caption wp-caption-text\">Alicja - 10 km od Ciebie<\/figcaption>\n\t\t\t\t\t\t\t\t\t\t<\/figure>\n\t\t\t\t\t\t\t\t\t<\/div>\n\t\t\t\t<div class=\"elementor-element elementor-element-5f7e4b8 elementor-widget elementor-widget-image\" data-id=\"5f7e4b8\" data-element_type=\"widget\" data-e-type=\"widget\" data-widget_type=\"image.default\">\n\t\t\t\t\t\t\t\t\t\t\t\t<figure class=\"wp-caption\">\n\t\t\t\t\t\t\t\t\t\t\t<a href=\"https:\/\/safeoffers.pro\/a\/Kr00s4DngIAgN9\">\n\t\t\t\t\t\t\t<img loading=\"lazy\" decoding=\"async\" width=\"240\" height=\"300\" src=\"https:\/\/grzesznanoc.pl\/wp-content\/uploads\/2026\/03\/4-240x300.jpeg\" class=\"attachment-medium size-medium wp-image-37\" alt=\"\" srcset=\"https:\/\/grzesznanoc.pl\/wp-content\/uploads\/2026\/03\/4-240x300.jpeg 240w, https:\/\/grzesznanoc.pl\/wp-content\/uploads\/2026\/03\/4-819x1024.jpeg 819w, https:\/\/grzesznanoc.pl\/wp-content\/uploads\/2026\/03\/4-768x960.jpeg 768w, https:\/\/grzesznanoc.pl\/wp-content\/uploads\/2026\/03\/4-1229x1536.jpeg 1229w, https:\/\/grzesznanoc.pl\/wp-content\/uploads\/2026\/03\/4.jpeg 1440w\" sizes=\"(max-width: 240px) 100vw, 240px\" \/>\t\t\t\t\t\t\t\t<\/a>\n\t\t\t\t\t\t\t\t\t\t\t<figcaption class=\"widget-image-caption wp-caption-text\">Edyta - 7 km od ciebie<\/figcaption>\n\t\t\t\t\t\t\t\t\t\t<\/figure>\n\t\t\t\t\t\t\t\t\t<\/div>\n\t\t\t\t<\/div>\n\t\t\t\t<div class=\"elementor-element elementor-element-55012651 elementor-widget elementor-widget-spacer\" data-id=\"55012651\" data-element_type=\"widget\" data-e-type=\"widget\" data-widget_type=\"spacer.default\">\n\t\t\t\t\t\t\t<div class=\"elementor-spacer\">\n\t\t\t<div class=\"elementor-spacer-inner\"><\/div>\n\t\t<\/div>\n\t\t\t\t\t\t<\/div>\n\t\t\t\t\t<\/div>\n\t\t\t\t<\/div>\n\t\t<div class=\"elementor-element elementor-element-5628da7 e-flex e-con-boxed e-con e-parent\" data-id=\"5628da7\" data-element_type=\"container\" data-e-type=\"container\">\n\t\t\t\t\t<div class=\"e-con-inner\">\n\t\t\t\t<div class=\"elementor-element elementor-element-6be503d elementor-widget-divider--view-line elementor-widget elementor-widget-divider\" data-id=\"6be503d\" data-element_type=\"widget\" data-e-type=\"widget\" data-widget_type=\"divider.default\">\n\t\t\t\t\t\t\t<div class=\"elementor-divider\">\n\t\t\t<span class=\"elementor-divider-separator\">\n\t\t\t\t\t\t<\/span>\n\t\t<\/div>\n\t\t\t\t\t\t<\/div>\n\t\t\t\t<div class=\"elementor-element elementor-element-dfcafd5 elementor-tablet-align-center elementor-align-center elementor-widget elementor-widget-button\" data-id=\"dfcafd5\" data-element_type=\"widget\" data-e-type=\"widget\" data-widget_type=\"button.default\">\n\t\t\t\t\t\t\t\t\t\t<a class=\"elementor-button elementor-button-link elementor-size-sm\" href=\"#\">\n\t\t\t\t\t\t<span class=\"elementor-button-content-wrapper\">\n\t\t\t\t\t\t\t\t\t<span class=\"elementor-button-text\">Um\u00f3w si\u0119 <\/span>\n\t\t\t\t\t<\/span>\n\t\t\t\t\t<\/a>\n\t\t\t\t\t\t\t\t<\/div>\n\t\t\t\t\t<\/div>\n\t\t\t\t<\/div>\n\t\t<div class=\"elementor-element elementor-element-9a5f4c1 e-flex e-con-boxed e-con e-parent\" data-id=\"9a5f4c1\" data-element_type=\"container\" data-e-type=\"container\">\n\t\t\t\t\t<div class=\"e-con-inner\">\n\t\t\t\t\t<\/div>\n\t\t\t\t<\/div>\n\t\t\t\t<\/div>\n\t\t","protected":false},"excerpt":{"rendered":"<p>Ja\u015bmina 2 km od Ciebie Przejd\u017a do poni\u017cszych profili i wybierz kobiet\u0119 do kontaktu Weronika &#8211; 5 km od Ciebie Marlena &#8211; 4 km od Ciebie Alicja &#8211; 10 km od Ciebie Kliknij w wybrany profil by um\u00f3wi\u0107 si\u0119 na spotkanie. Pami\u0119taj by podczas rozmowy wyja\u015bni\u0107 czego oczekujesz i jakie masz preferencj\u0119. U\u0142atwi i przy\u015bpieszy [&hellip;]<\/p>\n","protected":false},"author":1,"featured_media":0,"parent":0,"menu_order":0,"comment_status":"closed","ping_status":"closed","template":"","meta":{"footnotes":""},"class_list":["post-32","page","type-page","status-publish","hentry"],"yoast_head":"<!-- This site is optimized with the Yoast SEO plugin v27.4 - https:\/\/yoast.com\/product\/yoast-seo-wordpress\/ -->\n<title>Strona g\u0142\u00f3wna - grzesznanoc.pl<\/title>\n<meta name=\"robots\" content=\"index, follow, max-snippet:-1, max-image-preview:large, max-video-preview:-1\" \/>\n<link rel=\"canonical\" href=\"https:\/\/grzesznanoc.pl\/\" \/>\n<meta property=\"og:locale\" content=\"pl_PL\" \/>\n<meta property=\"og:type\" content=\"article\" \/>\n<meta property=\"og:title\" content=\"Strona g\u0142\u00f3wna - grzesznanoc.pl\" \/>\n<meta property=\"og:description\" content=\"Ja\u015bmina 2 km od Ciebie Przejd\u017a do poni\u017cszych profili i wybierz kobiet\u0119 do kontaktu Weronika &#8211; 5 km od Ciebie Marlena &#8211; 4 km od Ciebie Alicja &#8211; 10 km od Ciebie Kliknij w wybrany profil by um\u00f3wi\u0107 si\u0119 na spotkanie. Pami\u0119taj by podczas rozmowy wyja\u015bni\u0107 czego oczekujesz i jakie masz preferencj\u0119. U\u0142atwi i przy\u015bpieszy [&hellip;]\" \/>\n<meta property=\"og:url\" content=\"https:\/\/grzesznanoc.pl\/\" \/>\n<meta property=\"og:site_name\" content=\"grzesznanoc.pl\" \/>\n<meta property=\"article:modified_time\" content=\"2026-03-17T19:49:29+00:00\" \/>\n<meta property=\"og:image\" content=\"https:\/\/grzesznanoc.pl\/wp-content\/uploads\/2026\/03\/WhatsApp-Image-2026-03-10-at-15.33.48.jpeg\" \/>\n\t<meta property=\"og:image:width\" content=\"1080\" \/>\n\t<meta property=\"og:image:height\" content=\"1346\" \/>\n\t<meta property=\"og:image:type\" content=\"image\/jpeg\" \/>\n<meta name=\"twitter:card\" content=\"summary_large_image\" \/>\n<meta name=\"twitter:label1\" content=\"Szacowany czas czytania\" \/>\n\t<meta name=\"twitter:data1\" content=\"3 minuty\" \/>\n<script type=\"application\/ld+json\" class=\"yoast-schema-graph\">{\"@context\":\"https:\\\/\\\/schema.org\",\"@graph\":[{\"@type\":\"WebPage\",\"@id\":\"https:\\\/\\\/grzesznanoc.pl\\\/\",\"url\":\"https:\\\/\\\/grzesznanoc.pl\\\/\",\"name\":\"Strona g\u0142\u00f3wna - grzesznanoc.pl\",\"isPartOf\":{\"@id\":\"https:\\\/\\\/grzesznanoc.pl\\\/#website\"},\"primaryImageOfPage\":{\"@id\":\"https:\\\/\\\/grzesznanoc.pl\\\/#primaryimage\"},\"image\":{\"@id\":\"https:\\\/\\\/grzesznanoc.pl\\\/#primaryimage\"},\"thumbnailUrl\":\"https:\\\/\\\/grzesznanoc.pl\\\/wp-content\\\/uploads\\\/2026\\\/03\\\/WhatsApp-Image-2026-03-10-at-15.33.48-822x1024.jpeg\",\"datePublished\":\"2026-03-11T14:46:42+00:00\",\"dateModified\":\"2026-03-17T19:49:29+00:00\",\"breadcrumb\":{\"@id\":\"https:\\\/\\\/grzesznanoc.pl\\\/#breadcrumb\"},\"inLanguage\":\"pl-PL\",\"potentialAction\":[{\"@type\":\"ReadAction\",\"target\":[\"https:\\\/\\\/grzesznanoc.pl\\\/\"]}]},{\"@type\":\"ImageObject\",\"inLanguage\":\"pl-PL\",\"@id\":\"https:\\\/\\\/grzesznanoc.pl\\\/#primaryimage\",\"url\":\"https:\\\/\\\/grzesznanoc.pl\\\/wp-content\\\/uploads\\\/2026\\\/03\\\/WhatsApp-Image-2026-03-10-at-15.33.48.jpeg\",\"contentUrl\":\"https:\\\/\\\/grzesznanoc.pl\\\/wp-content\\\/uploads\\\/2026\\\/03\\\/WhatsApp-Image-2026-03-10-at-15.33.48.jpeg\",\"width\":1080,\"height\":1346},{\"@type\":\"BreadcrumbList\",\"@id\":\"https:\\\/\\\/grzesznanoc.pl\\\/#breadcrumb\",\"itemListElement\":[{\"@type\":\"ListItem\",\"position\":1,\"name\":\"Strona g\u0142\u00f3wna\",\"item\":\"https:\\\/\\\/grzesznanoc.pl\\\/\"},{\"@type\":\"ListItem\",\"position\":2,\"name\":\"Strona g\u0142\u00f3wna\"}]},{\"@type\":\"WebSite\",\"@id\":\"https:\\\/\\\/grzesznanoc.pl\\\/#website\",\"url\":\"https:\\\/\\\/grzesznanoc.pl\\\/\",\"name\":\"grzesznanoc.pl\",\"description\":\"\",\"potentialAction\":[{\"@type\":\"SearchAction\",\"target\":{\"@type\":\"EntryPoint\",\"urlTemplate\":\"https:\\\/\\\/grzesznanoc.pl\\\/?s={search_term_string}\"},\"query-input\":{\"@type\":\"PropertyValueSpecification\",\"valueRequired\":true,\"valueName\":\"search_term_string\"}}],\"inLanguage\":\"pl-PL\"}]}<\/script>\n<!-- \/ Yoast SEO plugin. -->","yoast_head_json":{"title":"Strona g\u0142\u00f3wna - grzesznanoc.pl","robots":{"index":"index","follow":"follow","max-snippet":"max-snippet:-1","max-image-preview":"max-image-preview:large","max-video-preview":"max-video-preview:-1"},"canonical":"https:\/\/grzesznanoc.pl\/","og_locale":"pl_PL","og_type":"article","og_title":"Strona g\u0142\u00f3wna - grzesznanoc.pl","og_description":"Ja\u015bmina 2 km od Ciebie Przejd\u017a do poni\u017cszych profili i wybierz kobiet\u0119 do kontaktu Weronika &#8211; 5 km od Ciebie Marlena &#8211; 4 km od Ciebie Alicja &#8211; 10 km od Ciebie Kliknij w wybrany profil by um\u00f3wi\u0107 si\u0119 na spotkanie. Pami\u0119taj by podczas rozmowy wyja\u015bni\u0107 czego oczekujesz i jakie masz preferencj\u0119. U\u0142atwi i przy\u015bpieszy [&hellip;]","og_url":"https:\/\/grzesznanoc.pl\/","og_site_name":"grzesznanoc.pl","article_modified_time":"2026-03-17T19:49:29+00:00","og_image":[{"width":1080,"height":1346,"url":"https:\/\/grzesznanoc.pl\/wp-content\/uploads\/2026\/03\/WhatsApp-Image-2026-03-10-at-15.33.48.jpeg","type":"image\/jpeg"}],"twitter_card":"summary_large_image","twitter_misc":{"Szacowany czas czytania":"3 minuty"},"schema":{"@context":"https:\/\/schema.org","@graph":[{"@type":"WebPage","@id":"https:\/\/grzesznanoc.pl\/","url":"https:\/\/grzesznanoc.pl\/","name":"Strona g\u0142\u00f3wna - grzesznanoc.pl","isPartOf":{"@id":"https:\/\/grzesznanoc.pl\/#website"},"primaryImageOfPage":{"@id":"https:\/\/grzesznanoc.pl\/#primaryimage"},"image":{"@id":"https:\/\/grzesznanoc.pl\/#primaryimage"},"thumbnailUrl":"https:\/\/grzesznanoc.pl\/wp-content\/uploads\/2026\/03\/WhatsApp-Image-2026-03-10-at-15.33.48-822x1024.jpeg","datePublished":"2026-03-11T14:46:42+00:00","dateModified":"2026-03-17T19:49:29+00:00","breadcrumb":{"@id":"https:\/\/grzesznanoc.pl\/#breadcrumb"},"inLanguage":"pl-PL","potentialAction":[{"@type":"ReadAction","target":["https:\/\/grzesznanoc.pl\/"]}]},{"@type":"ImageObject","inLanguage":"pl-PL","@id":"https:\/\/grzesznanoc.pl\/#primaryimage","url":"https:\/\/grzesznanoc.pl\/wp-content\/uploads\/2026\/03\/WhatsApp-Image-2026-03-10-at-15.33.48.jpeg","contentUrl":"https:\/\/grzesznanoc.pl\/wp-content\/uploads\/2026\/03\/WhatsApp-Image-2026-03-10-at-15.33.48.jpeg","width":1080,"height":1346},{"@type":"BreadcrumbList","@id":"https:\/\/grzesznanoc.pl\/#breadcrumb","itemListElement":[{"@type":"ListItem","position":1,"name":"Strona g\u0142\u00f3wna","item":"https:\/\/grzesznanoc.pl\/"},{"@type":"ListItem","position":2,"name":"Strona g\u0142\u00f3wna"}]},{"@type":"WebSite","@id":"https:\/\/grzesznanoc.pl\/#website","url":"https:\/\/grzesznanoc.pl\/","name":"grzesznanoc.pl","description":"","potentialAction":[{"@type":"SearchAction","target":{"@type":"EntryPoint","urlTemplate":"https:\/\/grzesznanoc.pl\/?s={search_term_string}"},"query-input":{"@type":"PropertyValueSpecification","valueRequired":true,"valueName":"search_term_string"}}],"inLanguage":"pl-PL"}]}},"_links":{"self":[{"href":"https:\/\/grzesznanoc.pl\/index.php\/wp-json\/wp\/v2\/pages\/32","targetHints":{"allow":["GET"]}}],"collection":[{"href":"https:\/\/grzesznanoc.pl\/index.php\/wp-json\/wp\/v2\/pages"}],"about":[{"href":"https:\/\/grzesznanoc.pl\/index.php\/wp-json\/wp\/v2\/types\/page"}],"author":[{"embeddable":true,"href":"https:\/\/grzesznanoc.pl\/index.php\/wp-json\/wp\/v2\/users\/1"}],"replies":[{"embeddable":true,"href":"https:\/\/grzesznanoc.pl\/index.php\/wp-json\/wp\/v2\/comments?post=32"}],"version-history":[{"count":180,"href":"https:\/\/grzesznanoc.pl\/index.php\/wp-json\/wp\/v2\/pages\/32\/revisions"}],"predecessor-version":[{"id":246,"href":"https:\/\/grzesznanoc.pl\/index.php\/wp-json\/wp\/v2\/pages\/32\/revisions\/246"}],"wp:attachment":[{"href":"https:\/\/grzesznanoc.pl\/index.php\/wp-json\/wp\/v2\/media?parent=32"}],"curies":[{"name":"wp","href":"https:\/\/api.w.org\/{rel}","templated":true}]}}